{"id":1765,"date":"2025-05-27T14:44:39","date_gmt":"2025-05-27T12:44:39","guid":{"rendered":"https:\/\/jasmineseghiri.fr\/?page_id=1765"},"modified":"2025-07-06T12:19:35","modified_gmt":"2025-07-06T10:19:35","slug":"compton","status":"publish","type":"page","link":"https:\/\/jasmineseghiri.fr\/index.php\/compton\/","title":{"rendered":"#Compton"},"content":{"rendered":"\t\t<div data-elementor-type=\"wp-page\" data-elementor-id=\"1765\" class=\"elementor elementor-1765\">\n\t\t\t\t<div class=\"elementor-element elementor-element-0f4e58b e-flex e-con-boxed e-con e-parent\" data-id=\"0f4e58b\" data-element_type=\"container\" data-e-type=\"container\">\n\t\t\t\t\t<div class=\"e-con-inner\">\n\t\t\t\t<div class=\"elementor-element elementor-element-84b7c47 elementor-widget elementor-widget-heading\" data-id=\"84b7c47\" data-element_type=\"widget\" data-e-type=\"widget\" data-widget_type=\"heading.default\">\n\t\t\t\t<div class=\"elementor-widget-container\">\n\t\t\t\t\t<h1 class=\"elementor-heading-title elementor-size-default\">#Compton<\/h1>\t\t\t\t<\/div>\n\t\t\t\t<\/div>\n\t\t\t\t\t<\/div>\n\t\t\t\t<\/div>\n\t\t<div class=\"elementor-element elementor-element-70e6148 e-flex e-con-boxed e-con e-parent\" data-id=\"70e6148\" data-element_type=\"container\" data-e-type=\"container\">\n\t\t\t\t\t<div class=\"e-con-inner\">\n\t\t<div class=\"elementor-element elementor-element-9d8ab97 e-con-full e-flex elementor-invisible e-con e-child\" data-id=\"9d8ab97\" data-element_type=\"container\" data-e-type=\"container\" data-settings=\"{&quot;animation&quot;:&quot;fadeInRight&quot;}\">\n\t\t\t\t<div class=\"elementor-element elementor-element-4e5c2587 elementor-widget elementor-widget-heading\" data-id=\"4e5c2587\" data-element_type=\"widget\" data-e-type=\"widget\" data-widget_type=\"heading.default\">\n\t\t\t\t<div class=\"elementor-widget-container\">\n\t\t\t\t\t<h2 class=\"elementor-heading-title elementor-size-default\"><a href=\"https:\/\/revas.fr\/\">#Compton<\/a><\/h2>\t\t\t\t<\/div>\n\t\t\t\t<\/div>\n\t\t\t\t<div class=\"elementor-element elementor-element-2f9aea1f elementor-widget elementor-widget-text-editor\" data-id=\"2f9aea1f\" data-element_type=\"widget\" data-e-type=\"widget\" data-widget_type=\"text-editor.default\">\n\t\t\t\t<div class=\"elementor-widget-container\">\n\t\t\t\t\t\t\t\t\t<p><strong>Marque de v\u00eatement I Streetwear<\/strong><\/p>\t\t\t\t\t\t\t\t<\/div>\n\t\t\t\t<\/div>\n\t\t<div class=\"elementor-element elementor-element-635d93ba e-con-full e-flex e-con e-child\" data-id=\"635d93ba\" data-element_type=\"container\" data-e-type=\"container\">\n\t\t\t\t<div class=\"elementor-element elementor-element-6876552 elementor-widget__width-initial elementor-widget elementor-widget-text-editor\" data-id=\"6876552\" data-element_type=\"widget\" data-e-type=\"widget\" data-widget_type=\"text-editor.default\">\n\t\t\t\t<div class=\"elementor-widget-container\">\n\t\t\t\t\t\t\t\t\t<p><strong>Description<\/strong><\/p><p data-start=\"191\" data-end=\"778\">Compton, c\u2019est bien plus qu\u2019une marque de streetwear : c\u2019est un mouvement. Inspir\u00e9e par l\u2019\u00e9nergie des quartiers urbains, elle incarne un style de vie o\u00f9 s\u2019entrelacent <strong data-start=\"358\" data-end=\"388\">sport, style et cr\u00e9ativit\u00e9<\/strong>. Chaque pi\u00e8ce raconte l\u2019histoire d\u2019une g\u00e9n\u00e9ration qui refuse de choisir entre <strong data-start=\"467\" data-end=\"494\">performance et identit\u00e9<\/strong>.<br data-start=\"495\" data-end=\"498\" \/>Pens\u00e9e pour durer, Compton c\u00e9l\u00e8bre l\u2019<strong data-start=\"535\" data-end=\"551\">authenticit\u00e9<\/strong>, la <strong data-start=\"556\" data-end=\"570\" data-is-only-node=\"\">communaut\u00e9<\/strong> et le <strong data-start=\"577\" data-end=\"599\">d\u00e9passement de soi<\/strong>. Sur Instagram et TikTok, la marque vit \u00e0 travers des contenus puissants, des drops exclusifs et une vibe unique. Porter Compton, c\u2019est <strong data-start=\"736\" data-end=\"761\">affirmer qui l\u2019on est<\/strong>, sans compromis.<\/p><p><br \/><!-- notionvc: ecab1f62-ec07-420e-b2ab-291c18729538 --><\/p>\t\t\t\t\t\t\t\t<\/div>\n\t\t\t\t<\/div>\n\t\t\t\t<\/div>\n\t\t\t\t<div class=\"elementor-element elementor-element-b690302 elementor-widget__width-initial elementor-widget elementor-widget-text-editor\" data-id=\"b690302\" data-element_type=\"widget\" data-e-type=\"widget\" data-widget_type=\"text-editor.default\">\n\t\t\t\t<div class=\"elementor-widget-container\">\n\t\t\t\t\t\t\t\t\t<p><strong>Objectif<\/strong><\/p>\t\t\t\t\t\t\t\t<\/div>\n\t\t\t\t<\/div>\n\t\t\t\t<div class=\"elementor-element elementor-element-3b54a90 elementor-widget__width-initial elementor-widget-tablet__width-inherit elementor-icon-list--layout-traditional elementor-list-item-link-full_width elementor-widget elementor-widget-icon-list\" data-id=\"3b54a90\" data-element_type=\"widget\" data-e-type=\"widget\" data-widget_type=\"icon-list.default\">\n\t\t\t\t<div class=\"elementor-widget-container\">\n\t\t\t\t\t\t\t<ul class=\"elementor-icon-list-items\">\n\t\t\t\t\t\t\t<li class=\"elementor-icon-list-item\">\n\t\t\t\t\t\t\t\t\t\t\t<span class=\"elementor-icon-list-icon\">\n\t\t\t\t\t\t\t<svg aria-hidden=\"true\" class=\"e-font-icon-svg e-fas-check\" viewBox=\"0 0 512 512\" xmlns=\"http:\/\/www.w3.org\/2000\/svg\"><path d=\"M173.898 439.404l-166.4-166.4c-9.997-9.997-9.997-26.206 0-36.204l36.203-36.204c9.997-9.998 26.207-9.998 36.204 0L192 312.69 432.095 72.596c9.997-9.997 26.207-9.997 36.204 0l36.203 36.204c9.997 9.997 9.997 26.206 0 36.204l-294.4 294.401c-9.998 9.997-26.207 9.997-36.204-.001z\"><\/path><\/svg>\t\t\t\t\t\t<\/span>\n\t\t\t\t\t\t\t\t\t\t<span class=\"elementor-icon-list-text\">Construire une notori\u00e9t\u00e9 forte sur Instagram &amp; TikTok<\/span>\n\t\t\t\t\t\t\t\t\t<\/li>\n\t\t\t\t\t\t\t\t<li class=\"elementor-icon-list-item\">\n\t\t\t\t\t\t\t\t\t\t\t<span class=\"elementor-icon-list-icon\">\n\t\t\t\t\t\t\t<svg aria-hidden=\"true\" class=\"e-font-icon-svg e-fas-check\" viewBox=\"0 0 512 512\" xmlns=\"http:\/\/www.w3.org\/2000\/svg\"><path d=\"M173.898 439.404l-166.4-166.4c-9.997-9.997-9.997-26.206 0-36.204l36.203-36.204c9.997-9.998 26.207-9.998 36.204 0L192 312.69 432.095 72.596c9.997-9.997 26.207-9.997 36.204 0l36.203 36.204c9.997 9.997 9.997 26.206 0 36.204l-294.4 294.401c-9.998 9.997-26.207 9.997-36.204-.001z\"><\/path><\/svg>\t\t\t\t\t\t<\/span>\n\t\t\t\t\t\t\t\t\t\t<span class=\"elementor-icon-list-text\">R\u00e9aliser les premi\u00e8res ventes et b\u00e2tir une base client fid\u00e8le<\/span>\n\t\t\t\t\t\t\t\t\t<\/li>\n\t\t\t\t\t\t<\/ul>\n\t\t\t\t\t\t<\/div>\n\t\t\t\t<\/div>\n\t\t\t\t<div class=\"elementor-element elementor-element-a0917ca elementor-widget__width-initial elementor-widget elementor-widget-text-editor\" data-id=\"a0917ca\" data-element_type=\"widget\" data-e-type=\"widget\" data-widget_type=\"text-editor.default\">\n\t\t\t\t<div class=\"elementor-widget-container\">\n\t\t\t\t\t\t\t\t\t<p><strong>Action r\u00e9alis\u00e9<\/strong><\/p>\t\t\t\t\t\t\t\t<\/div>\n\t\t\t\t<\/div>\n\t\t\t\t<div class=\"elementor-element elementor-element-2a33a60 elementor-widget__width-initial elementor-widget-tablet__width-inherit elementor-icon-list--layout-traditional elementor-list-item-link-full_width elementor-widget elementor-widget-icon-list\" data-id=\"2a33a60\" data-element_type=\"widget\" data-e-type=\"widget\" data-widget_type=\"icon-list.default\">\n\t\t\t\t<div class=\"elementor-widget-container\">\n\t\t\t\t\t\t\t<ul class=\"elementor-icon-list-items\">\n\t\t\t\t\t\t\t<li class=\"elementor-icon-list-item\">\n\t\t\t\t\t\t\t\t\t\t\t<span class=\"elementor-icon-list-icon\">\n\t\t\t\t\t\t\t<svg aria-hidden=\"true\" class=\"e-font-icon-svg e-fas-check\" viewBox=\"0 0 512 512\" xmlns=\"http:\/\/www.w3.org\/2000\/svg\"><path d=\"M173.898 439.404l-166.4-166.4c-9.997-9.997-9.997-26.206 0-36.204l36.203-36.204c9.997-9.998 26.207-9.998 36.204 0L192 312.69 432.095 72.596c9.997-9.997 26.207-9.997 36.204 0l36.203 36.204c9.997 9.997 9.997 26.206 0 36.204l-294.4 294.401c-9.998 9.997-26.207 9.997-36.204-.001z\"><\/path><\/svg>\t\t\t\t\t\t<\/span>\n\t\t\t\t\t\t\t\t\t\t<span class=\"elementor-icon-list-text\">Branding &amp; identit\u00e9 visuelle<\/span>\n\t\t\t\t\t\t\t\t\t<\/li>\n\t\t\t\t\t\t\t\t<li class=\"elementor-icon-list-item\">\n\t\t\t\t\t\t\t\t\t\t\t<span class=\"elementor-icon-list-icon\">\n\t\t\t\t\t\t\t<svg aria-hidden=\"true\" class=\"e-font-icon-svg e-fas-check\" viewBox=\"0 0 512 512\" xmlns=\"http:\/\/www.w3.org\/2000\/svg\"><path d=\"M173.898 439.404l-166.4-166.4c-9.997-9.997-9.997-26.206 0-36.204l36.203-36.204c9.997-9.998 26.207-9.998 36.204 0L192 312.69 432.095 72.596c9.997-9.997 26.207-9.997 36.204 0l36.203 36.204c9.997 9.997 9.997 26.206 0 36.204l-294.4 294.401c-9.998 9.997-26.207 9.997-36.204-.001z\"><\/path><\/svg>\t\t\t\t\t\t<\/span>\n\t\t\t\t\t\t\t\t\t\t<span class=\"elementor-icon-list-text\"> Strat\u00e9gie marketing &amp; communication<\/span>\n\t\t\t\t\t\t\t\t\t<\/li>\n\t\t\t\t\t\t\t\t<li class=\"elementor-icon-list-item\">\n\t\t\t\t\t\t\t\t\t\t\t<span class=\"elementor-icon-list-icon\">\n\t\t\t\t\t\t\t<svg aria-hidden=\"true\" class=\"e-font-icon-svg e-fas-check\" viewBox=\"0 0 512 512\" xmlns=\"http:\/\/www.w3.org\/2000\/svg\"><path d=\"M173.898 439.404l-166.4-166.4c-9.997-9.997-9.997-26.206 0-36.204l36.203-36.204c9.997-9.998 26.207-9.998 36.204 0L192 312.69 432.095 72.596c9.997-9.997 26.207-9.997 36.204 0l36.203 36.204c9.997 9.997 9.997 26.206 0 36.204l-294.4 294.401c-9.998 9.997-26.207 9.997-36.204-.001z\"><\/path><\/svg>\t\t\t\t\t\t<\/span>\n\t\t\t\t\t\t\t\t\t\t<span class=\"elementor-icon-list-text\">R\u00e9seaux sociaux &amp; contenu<\/span>\n\t\t\t\t\t\t\t\t\t<\/li>\n\t\t\t\t\t\t\t\t<li class=\"elementor-icon-list-item\">\n\t\t\t\t\t\t\t\t\t\t\t<span class=\"elementor-icon-list-icon\">\n\t\t\t\t\t\t\t<svg aria-hidden=\"true\" class=\"e-font-icon-svg e-fas-check\" viewBox=\"0 0 512 512\" xmlns=\"http:\/\/www.w3.org\/2000\/svg\"><path d=\"M173.898 439.404l-166.4-166.4c-9.997-9.997-9.997-26.206 0-36.204l36.203-36.204c9.997-9.998 26.207-9.998 36.204 0L192 312.69 432.095 72.596c9.997-9.997 26.207-9.997 36.204 0l36.203 36.204c9.997 9.997 9.997 26.206 0 36.204l-294.4 294.401c-9.998 9.997-26.207 9.997-36.204-.001z\"><\/path><\/svg>\t\t\t\t\t\t<\/span>\n\t\t\t\t\t\t\t\t\t\t<span class=\"elementor-icon-list-text\">Organisation &amp; gestion de projet<\/span>\n\t\t\t\t\t\t\t\t\t<\/li>\n\t\t\t\t\t\t<\/ul>\n\t\t\t\t\t\t<\/div>\n\t\t\t\t<\/div>\n\t\t\t\t<div class=\"elementor-element elementor-element-3235349 elementor-widget__width-initial elementor-widget elementor-widget-text-editor\" data-id=\"3235349\" data-element_type=\"widget\" data-e-type=\"widget\" data-widget_type=\"text-editor.default\">\n\t\t\t\t<div class=\"elementor-widget-container\">\n\t\t\t\t\t\t\t\t\t<p><strong>Technologie utilis\u00e9<\/strong><\/p>\t\t\t\t\t\t\t\t<\/div>\n\t\t\t\t<\/div>\n\t\t\t\t<div class=\"elementor-element elementor-element-a84db5d elementor-widget__width-initial elementor-widget-tablet__width-inherit elementor-icon-list--layout-traditional elementor-list-item-link-full_width elementor-widget elementor-widget-icon-list\" data-id=\"a84db5d\" data-element_type=\"widget\" data-e-type=\"widget\" data-widget_type=\"icon-list.default\">\n\t\t\t\t<div class=\"elementor-widget-container\">\n\t\t\t\t\t\t\t<ul class=\"elementor-icon-list-items\">\n\t\t\t\t\t\t\t<li class=\"elementor-icon-list-item\">\n\t\t\t\t\t\t\t\t\t\t\t<span class=\"elementor-icon-list-icon\">\n\t\t\t\t\t\t\t<svg aria-hidden=\"true\" class=\"e-font-icon-svg e-fas-check\" viewBox=\"0 0 512 512\" xmlns=\"http:\/\/www.w3.org\/2000\/svg\"><path d=\"M173.898 439.404l-166.4-166.4c-9.997-9.997-9.997-26.206 0-36.204l36.203-36.204c9.997-9.998 26.207-9.998 36.204 0L192 312.69 432.095 72.596c9.997-9.997 26.207-9.997 36.204 0l36.203 36.204c9.997 9.997 9.997 26.206 0 36.204l-294.4 294.401c-9.998 9.997-26.207 9.997-36.204-.001z\"><\/path><\/svg>\t\t\t\t\t\t<\/span>\n\t\t\t\t\t\t\t\t\t\t<span class=\"elementor-icon-list-text\">Notion <\/span>\n\t\t\t\t\t\t\t\t\t<\/li>\n\t\t\t\t\t\t\t\t<li class=\"elementor-icon-list-item\">\n\t\t\t\t\t\t\t\t\t\t\t<span class=\"elementor-icon-list-icon\">\n\t\t\t\t\t\t\t<svg aria-hidden=\"true\" class=\"e-font-icon-svg e-fas-check\" viewBox=\"0 0 512 512\" xmlns=\"http:\/\/www.w3.org\/2000\/svg\"><path d=\"M173.898 439.404l-166.4-166.4c-9.997-9.997-9.997-26.206 0-36.204l36.203-36.204c9.997-9.998 26.207-9.998 36.204 0L192 312.69 432.095 72.596c9.997-9.997 26.207-9.997 36.204 0l36.203 36.204c9.997 9.997 9.997 26.206 0 36.204l-294.4 294.401c-9.998 9.997-26.207 9.997-36.204-.001z\"><\/path><\/svg>\t\t\t\t\t\t<\/span>\n\t\t\t\t\t\t\t\t\t\t<span class=\"elementor-icon-list-text\">Suite Adobe<\/span>\n\t\t\t\t\t\t\t\t\t<\/li>\n\t\t\t\t\t\t\t\t<li class=\"elementor-icon-list-item\">\n\t\t\t\t\t\t\t\t\t\t\t<span class=\"elementor-icon-list-icon\">\n\t\t\t\t\t\t\t<svg aria-hidden=\"true\" class=\"e-font-icon-svg e-fas-check\" viewBox=\"0 0 512 512\" xmlns=\"http:\/\/www.w3.org\/2000\/svg\"><path d=\"M173.898 439.404l-166.4-166.4c-9.997-9.997-9.997-26.206 0-36.204l36.203-36.204c9.997-9.998 26.207-9.998 36.204 0L192 312.69 432.095 72.596c9.997-9.997 26.207-9.997 36.204 0l36.203 36.204c9.997 9.997 9.997 26.206 0 36.204l-294.4 294.401c-9.998 9.997-26.207 9.997-36.204-.001z\"><\/path><\/svg>\t\t\t\t\t\t<\/span>\n\t\t\t\t\t\t\t\t\t\t<span class=\"elementor-icon-list-text\">Capcut<\/span>\n\t\t\t\t\t\t\t\t\t<\/li>\n\t\t\t\t\t\t<\/ul>\n\t\t\t\t\t\t<\/div>\n\t\t\t\t<\/div>\n\t\t\t\t<div class=\"elementor-element elementor-element-69f3d2e elementor-align-left elementor-hidden-desktop elementor-hidden-tablet elementor-hidden-mobile elementor-widget elementor-widget-button\" data-id=\"69f3d2e\" data-element_type=\"widget\" data-e-type=\"widget\" data-widget_type=\"button.default\">\n\t\t\t\t<div class=\"elementor-widget-container\">\n\t\t\t\t\t\t\t\t\t<div class=\"elementor-button-wrapper\">\n\t\t\t\t\t<a class=\"elementor-button elementor-button-link elementor-size-sm\" href=\"https:\/\/www.canva.com\/design\/DAGkr0NNxPY\/W0zRxQTZE-OijVJUDdswwQ\/edit?utm_content=DAGkr0NNxPY&#038;utm_campaign=designshare&#038;utm_medium=link2&#038;utm_source=sharebutton\" target=\"_blank\">\n\t\t\t\t\t\t<span class=\"elementor-button-content-wrapper\">\n\t\t\t\t\t\t\t\t\t<span class=\"elementor-button-text\">Voir +<\/span>\n\t\t\t\t\t<\/span>\n\t\t\t\t\t<\/a>\n\t\t\t\t<\/div>\n\t\t\t\t\t\t\t\t<\/div>\n\t\t\t\t<\/div>\n\t\t\t\t<\/div>\n\t\t\t\t\t<\/div>\n\t\t\t\t<\/div>\n\t\t<div class=\"elementor-element elementor-element-6fb4f07 e-flex e-con-boxed e-con e-parent\" data-id=\"6fb4f07\" data-element_type=\"container\" data-e-type=\"container\">\n\t\t\t\t\t<div class=\"e-con-inner\">\n\t\t<div class=\"elementor-element elementor-element-a33e4a9 e-con-full e-flex e-con e-child\" data-id=\"a33e4a9\" data-element_type=\"container\" data-e-type=\"container\">\n\t\t\t\t<div class=\"elementor-element elementor-element-6560b7e elementor-widget elementor-widget-image\" data-id=\"6560b7e\" data-element_type=\"widget\" data-e-type=\"widget\" data-widget_type=\"image.default\">\n\t\t\t\t<div class=\"elementor-widget-container\">\n\t\t\t\t\t\t\t\t\t\t\t\t\t\t\t<img decoding=\"async\" src=\"http:\/\/jasmineseghiri.fr\/wp-content\/uploads\/2025\/05\/Compton-Insta-2-1.png\" title=\"\" alt=\"Insta #compton\" loading=\"lazy\" \/>\t\t\t\t\t\t\t\t\t\t\t\t\t\t\t<\/div>\n\t\t\t\t<\/div>\n\t\t\t\t<div class=\"elementor-element elementor-element-7b5a841 elementor-align-center elementor-widget elementor-widget-button\" data-id=\"7b5a841\" data-element_type=\"widget\" data-e-type=\"widget\" data-widget_type=\"button.default\">\n\t\t\t\t<div class=\"elementor-widget-container\">\n\t\t\t\t\t\t\t\t\t<div class=\"elementor-button-wrapper\">\n\t\t\t\t\t<a class=\"elementor-button elementor-button-link elementor-size-sm\" href=\"https:\/\/www.instagram.com\/compton.kpj?utm_source=ig_web_button_share_sheet&#038;igsh=ZDNlZDc0MzIxNw==\" target=\"_blank\">\n\t\t\t\t\t\t<span class=\"elementor-button-content-wrapper\">\n\t\t\t\t\t\t\t\t\t<span class=\"elementor-button-text\">D\u00e9couvre le Instagram<\/span>\n\t\t\t\t\t<\/span>\n\t\t\t\t\t<\/a>\n\t\t\t\t<\/div>\n\t\t\t\t\t\t\t\t<\/div>\n\t\t\t\t<\/div>\n\t\t\t\t<\/div>\n\t\t<div class=\"elementor-element elementor-element-a79a8ad e-con-full e-flex e-con e-child\" data-id=\"a79a8ad\" data-element_type=\"container\" data-e-type=\"container\">\n\t\t\t\t<div class=\"elementor-element elementor-element-4cf5a91 elementor-widget elementor-widget-image\" data-id=\"4cf5a91\" data-element_type=\"widget\" data-e-type=\"widget\" data-widget_type=\"image.default\">\n\t\t\t\t<div class=\"elementor-widget-container\">\n\t\t\t\t\t\t\t\t\t\t\t\t\t\t\t<img decoding=\"async\" src=\"http:\/\/jasmineseghiri.fr\/wp-content\/uploads\/2025\/05\/Visuel-PP-2-1.png\" title=\"\" alt=\"TIKTOK #compton\" loading=\"lazy\" \/>\t\t\t\t\t\t\t\t\t\t\t\t\t\t\t<\/div>\n\t\t\t\t<\/div>\n\t\t\t\t<div class=\"elementor-element elementor-element-b89b41f elementor-align-center elementor-widget elementor-widget-button\" data-id=\"b89b41f\" data-element_type=\"widget\" data-e-type=\"widget\" data-widget_type=\"button.default\">\n\t\t\t\t<div class=\"elementor-widget-container\">\n\t\t\t\t\t\t\t\t\t<div class=\"elementor-button-wrapper\">\n\t\t\t\t\t<a class=\"elementor-button elementor-button-link elementor-size-sm\" href=\"https:\/\/www.tiktok.com\/@compton.kpj?is_from_webapp=1&#038;sender_device=pc\" target=\"_blank\">\n\t\t\t\t\t\t<span class=\"elementor-button-content-wrapper\">\n\t\t\t\t\t\t\t\t\t<span class=\"elementor-button-text\">D\u00e9couvre le Tiktok<\/span>\n\t\t\t\t\t<\/span>\n\t\t\t\t\t<\/a>\n\t\t\t\t<\/div>\n\t\t\t\t\t\t\t\t<\/div>\n\t\t\t\t<\/div>\n\t\t\t\t<\/div>\n\t\t\t\t\t<\/div>\n\t\t\t\t<\/div>\n\t\t\t\t<\/div>\n\t\t","protected":false},"excerpt":{"rendered":"<p>#Compton #Compton Marque de v\u00eatement I Streetwear Description Compton, c\u2019est bien plus qu\u2019une marque de streetwear : c\u2019est un mouvement. Inspir\u00e9e par l\u2019\u00e9nergie des quartiers urbains, elle incarne un style de vie o\u00f9 s\u2019entrelacent sport, style et cr\u00e9ativit\u00e9. Chaque pi\u00e8ce raconte l\u2019histoire d\u2019une g\u00e9n\u00e9ration qui refuse de choisir entre performance et identit\u00e9.Pens\u00e9e pour durer, Compton [&hellip;]<\/p>\n","protected":false},"author":1,"featured_media":0,"parent":0,"menu_order":0,"comment_status":"closed","ping_status":"closed","template":"","meta":{"footnotes":""},"class_list":["post-1765","page","type-page","status-publish","hentry"],"yoast_head":"<!-- This site is optimized with the Yoast SEO plugin v27.0 - https:\/\/yoast.com\/product\/yoast-seo-wordpress\/ -->\n<title>#Compton - Jasmine Seghiri<\/title>\n<meta name=\"description\" content=\"#Compton une marque de streetwear qui se veut de grandir avec sa g\u00e9n\u00e9ration.\" \/>\n<meta name=\"robots\" content=\"index, follow, max-snippet:-1, max-image-preview:large, max-video-preview:-1\" \/>\n<link rel=\"canonical\" href=\"https:\/\/jasmineseghiri.fr\/index.php\/compton\/\" \/>\n<meta property=\"og:locale\" content=\"en_US\" \/>\n<meta property=\"og:type\" content=\"article\" \/>\n<meta property=\"og:title\" content=\"#Compton - Jasmine Seghiri\" \/>\n<meta property=\"og:description\" content=\"#Compton une marque de streetwear qui se veut de grandir avec sa g\u00e9n\u00e9ration.\" \/>\n<meta property=\"og:url\" content=\"https:\/\/jasmineseghiri.fr\/index.php\/compton\/\" \/>\n<meta property=\"og:site_name\" content=\"Jasmine Seghiri\" \/>\n<meta property=\"article:modified_time\" content=\"2025-07-06T10:19:35+00:00\" \/>\n<meta name=\"twitter:card\" content=\"summary_large_image\" \/>\n<meta name=\"twitter:label1\" content=\"Est. reading time\" \/>\n\t<meta name=\"twitter:data1\" content=\"2 minutes\" \/>\n<script type=\"application\/ld+json\" class=\"yoast-schema-graph\">{\"@context\":\"https:\/\/schema.org\",\"@graph\":[{\"@type\":\"WebPage\",\"@id\":\"https:\/\/jasmineseghiri.fr\/index.php\/compton\/\",\"url\":\"https:\/\/jasmineseghiri.fr\/index.php\/compton\/\",\"name\":\"#Compton - Jasmine Seghiri\",\"isPartOf\":{\"@id\":\"https:\/\/jasmineseghiri.fr\/#website\"},\"primaryImageOfPage\":{\"@id\":\"https:\/\/jasmineseghiri.fr\/index.php\/compton\/#primaryimage\"},\"image\":{\"@id\":\"https:\/\/jasmineseghiri.fr\/index.php\/compton\/#primaryimage\"},\"thumbnailUrl\":\"http:\/\/jasmineseghiri.fr\/wp-content\/uploads\/2025\/05\/Compton-Insta-2-1.png\",\"datePublished\":\"2025-05-27T12:44:39+00:00\",\"dateModified\":\"2025-07-06T10:19:35+00:00\",\"description\":\"#Compton une marque de streetwear qui se veut de grandir avec sa g\u00e9n\u00e9ration.\",\"breadcrumb\":{\"@id\":\"https:\/\/jasmineseghiri.fr\/index.php\/compton\/#breadcrumb\"},\"inLanguage\":\"en-US\",\"potentialAction\":[{\"@type\":\"ReadAction\",\"target\":[\"https:\/\/jasmineseghiri.fr\/index.php\/compton\/\"]}]},{\"@type\":\"ImageObject\",\"inLanguage\":\"en-US\",\"@id\":\"https:\/\/jasmineseghiri.fr\/index.php\/compton\/#primaryimage\",\"url\":\"http:\/\/jasmineseghiri.fr\/wp-content\/uploads\/2025\/05\/Compton-Insta-2-1.png\",\"contentUrl\":\"http:\/\/jasmineseghiri.fr\/wp-content\/uploads\/2025\/05\/Compton-Insta-2-1.png\"},{\"@type\":\"BreadcrumbList\",\"@id\":\"https:\/\/jasmineseghiri.fr\/index.php\/compton\/#breadcrumb\",\"itemListElement\":[{\"@type\":\"ListItem\",\"position\":1,\"name\":\"Accueil\",\"item\":\"https:\/\/jasmineseghiri.fr\/\"},{\"@type\":\"ListItem\",\"position\":2,\"name\":\"#Compton\"}]},{\"@type\":\"WebSite\",\"@id\":\"https:\/\/jasmineseghiri.fr\/#website\",\"url\":\"https:\/\/jasmineseghiri.fr\/\",\"name\":\"Jasmine Seghiri\",\"description\":\"\u00c9tudiante en marketing digital &amp; Social M\u00e9dia\",\"publisher\":{\"@id\":\"https:\/\/jasmineseghiri.fr\/#organization\"},\"potentialAction\":[{\"@type\":\"SearchAction\",\"target\":{\"@type\":\"EntryPoint\",\"urlTemplate\":\"https:\/\/jasmineseghiri.fr\/?s={search_term_string}\"},\"query-input\":{\"@type\":\"PropertyValueSpecification\",\"valueRequired\":true,\"valueName\":\"search_term_string\"}}],\"inLanguage\":\"en-US\"},{\"@type\":\"Organization\",\"@id\":\"https:\/\/jasmineseghiri.fr\/#organization\",\"name\":\"Jasmine Seghiri\",\"url\":\"https:\/\/jasmineseghiri.fr\/\",\"logo\":{\"@type\":\"ImageObject\",\"inLanguage\":\"en-US\",\"@id\":\"https:\/\/jasmineseghiri.fr\/#\/schema\/logo\/image\/\",\"url\":\"https:\/\/jasmineseghiri.fr\/wp-content\/uploads\/2024\/02\/cropped-Branding-19-1.png\",\"contentUrl\":\"https:\/\/jasmineseghiri.fr\/wp-content\/uploads\/2024\/02\/cropped-Branding-19-1.png\",\"width\":4267,\"height\":1694,\"caption\":\"Jasmine Seghiri\"},\"image\":{\"@id\":\"https:\/\/jasmineseghiri.fr\/#\/schema\/logo\/image\/\"}}]}<\/script>\n<!-- \/ Yoast SEO plugin. -->","yoast_head_json":{"title":"#Compton - Jasmine Seghiri","description":"#Compton une marque de streetwear qui se veut de grandir avec sa g\u00e9n\u00e9ration.","robots":{"index":"index","follow":"follow","max-snippet":"max-snippet:-1","max-image-preview":"max-image-preview:large","max-video-preview":"max-video-preview:-1"},"canonical":"https:\/\/jasmineseghiri.fr\/index.php\/compton\/","og_locale":"en_US","og_type":"article","og_title":"#Compton - Jasmine Seghiri","og_description":"#Compton une marque de streetwear qui se veut de grandir avec sa g\u00e9n\u00e9ration.","og_url":"https:\/\/jasmineseghiri.fr\/index.php\/compton\/","og_site_name":"Jasmine Seghiri","article_modified_time":"2025-07-06T10:19:35+00:00","twitter_card":"summary_large_image","twitter_misc":{"Est. reading time":"2 minutes"},"schema":{"@context":"https:\/\/schema.org","@graph":[{"@type":"WebPage","@id":"https:\/\/jasmineseghiri.fr\/index.php\/compton\/","url":"https:\/\/jasmineseghiri.fr\/index.php\/compton\/","name":"#Compton - Jasmine Seghiri","isPartOf":{"@id":"https:\/\/jasmineseghiri.fr\/#website"},"primaryImageOfPage":{"@id":"https:\/\/jasmineseghiri.fr\/index.php\/compton\/#primaryimage"},"image":{"@id":"https:\/\/jasmineseghiri.fr\/index.php\/compton\/#primaryimage"},"thumbnailUrl":"http:\/\/jasmineseghiri.fr\/wp-content\/uploads\/2025\/05\/Compton-Insta-2-1.png","datePublished":"2025-05-27T12:44:39+00:00","dateModified":"2025-07-06T10:19:35+00:00","description":"#Compton une marque de streetwear qui se veut de grandir avec sa g\u00e9n\u00e9ration.","breadcrumb":{"@id":"https:\/\/jasmineseghiri.fr\/index.php\/compton\/#breadcrumb"},"inLanguage":"en-US","potentialAction":[{"@type":"ReadAction","target":["https:\/\/jasmineseghiri.fr\/index.php\/compton\/"]}]},{"@type":"ImageObject","inLanguage":"en-US","@id":"https:\/\/jasmineseghiri.fr\/index.php\/compton\/#primaryimage","url":"http:\/\/jasmineseghiri.fr\/wp-content\/uploads\/2025\/05\/Compton-Insta-2-1.png","contentUrl":"http:\/\/jasmineseghiri.fr\/wp-content\/uploads\/2025\/05\/Compton-Insta-2-1.png"},{"@type":"BreadcrumbList","@id":"https:\/\/jasmineseghiri.fr\/index.php\/compton\/#breadcrumb","itemListElement":[{"@type":"ListItem","position":1,"name":"Accueil","item":"https:\/\/jasmineseghiri.fr\/"},{"@type":"ListItem","position":2,"name":"#Compton"}]},{"@type":"WebSite","@id":"https:\/\/jasmineseghiri.fr\/#website","url":"https:\/\/jasmineseghiri.fr\/","name":"Jasmine Seghiri","description":"\u00c9tudiante en marketing digital &amp; Social M\u00e9dia","publisher":{"@id":"https:\/\/jasmineseghiri.fr\/#organization"},"potentialAction":[{"@type":"SearchAction","target":{"@type":"EntryPoint","urlTemplate":"https:\/\/jasmineseghiri.fr\/?s={search_term_string}"},"query-input":{"@type":"PropertyValueSpecification","valueRequired":true,"valueName":"search_term_string"}}],"inLanguage":"en-US"},{"@type":"Organization","@id":"https:\/\/jasmineseghiri.fr\/#organization","name":"Jasmine Seghiri","url":"https:\/\/jasmineseghiri.fr\/","logo":{"@type":"ImageObject","inLanguage":"en-US","@id":"https:\/\/jasmineseghiri.fr\/#\/schema\/logo\/image\/","url":"https:\/\/jasmineseghiri.fr\/wp-content\/uploads\/2024\/02\/cropped-Branding-19-1.png","contentUrl":"https:\/\/jasmineseghiri.fr\/wp-content\/uploads\/2024\/02\/cropped-Branding-19-1.png","width":4267,"height":1694,"caption":"Jasmine Seghiri"},"image":{"@id":"https:\/\/jasmineseghiri.fr\/#\/schema\/logo\/image\/"}}]}},"_links":{"self":[{"href":"https:\/\/jasmineseghiri.fr\/index.php\/wp-json\/wp\/v2\/pages\/1765","targetHints":{"allow":["GET"]}}],"collection":[{"href":"https:\/\/jasmineseghiri.fr\/index.php\/wp-json\/wp\/v2\/pages"}],"about":[{"href":"https:\/\/jasmineseghiri.fr\/index.php\/wp-json\/wp\/v2\/types\/page"}],"author":[{"embeddable":true,"href":"https:\/\/jasmineseghiri.fr\/index.php\/wp-json\/wp\/v2\/users\/1"}],"replies":[{"embeddable":true,"href":"https:\/\/jasmineseghiri.fr\/index.php\/wp-json\/wp\/v2\/comments?post=1765"}],"version-history":[{"count":31,"href":"https:\/\/jasmineseghiri.fr\/index.php\/wp-json\/wp\/v2\/pages\/1765\/revisions"}],"predecessor-version":[{"id":1863,"href":"https:\/\/jasmineseghiri.fr\/index.php\/wp-json\/wp\/v2\/pages\/1765\/revisions\/1863"}],"wp:attachment":[{"href":"https:\/\/jasmineseghiri.fr\/index.php\/wp-json\/wp\/v2\/media?parent=1765"}],"curies":[{"name":"wp","href":"https:\/\/api.w.org\/{rel}","templated":true}]}}